{"id":328,"date":"2022-04-05T08:08:05","date_gmt":"2022-04-05T08:08:05","guid":{"rendered":"https:\/\/tdrawer.com\/index.php\/about\/"},"modified":"2024-02-29T16:28:16","modified_gmt":"2024-02-29T15:28:16","slug":"topdrawer","status":"publish","type":"page","link":"https:\/\/tdrawer.com\/index.php\/topdrawer\/","title":{"rendered":"TopDrawer"},"content":{"rendered":"<div class=\"wp-block-uagb-container uagb-block-c69ea5a4 alignfull uagb-is-root-container\"><div class=\"uagb-container-inner-blocks-wrap\"><\/div><\/div><div class=\"wp-block-uagb-container uagb-block-b1581bca alignfull uagb-is-root-container\"><div class=\"uagb-container-inner-blocks-wrap\"><div class=\"wp-block-uagb-container uagb-block-825d02ac\"><div class=\"wp-block-uagb-image uagb-block-263bd894 wp-block-uagb-image--layout-default wp-block-uagb-image--effect-static wp-block-uagb-image--align-none\"><figure class=\"wp-block-uagb-image__figure\"><img decoding=\"async\" srcset=\"https:\/\/tdrawer.com\/wp-content\/uploads\/2024\/02\/mapa.jpg ,https:\/\/tdrawer.com\/wp-content\/uploads\/2024\/02\/mapa.jpg 780w, https:\/\/tdrawer.com\/wp-content\/uploads\/2024\/02\/mapa.jpg 360w\" sizes=\"auto, (max-width: 480px) 150px\" src=\"https:\/\/tdrawer.com\/wp-content\/uploads\/2024\/02\/mapa.jpg\" alt=\"\" class=\"uag-image-1523\" width=\"534\" height=\"673\" title=\"\" loading=\"lazy\"\/><\/figure><\/div><\/div>\n\n<div class=\"wp-block-uagb-container uagb-block-e0f446b1\"><h2 class=\"wp-block-heading\"><strong><font color=\"#FFFFFF\">TopDrawer<\/font><\/strong><\/h2>\n\n<p><font color=\"#FFFFFF\">Top Drawer es una reconocida marca con m\u00e1s de 40 a\u00f1os de experiencia en la fabricaci\u00f3n y comercializaci\u00f3n de productos de alta calidad. Contamos con una amplia gama de productos para atender los eventos de su empresa en el \u00e1rea de publicidad, marketing, reconocimiento, dotaciones del personal, regalos corporativos, incentivos y reconocimientos. <\/font><\/p>\n\n<p><font color=\"#FFFFFF\">Nuestros Productos cuentan con dise\u00f1os \u00fanicos que brindan estilo y funcionalidad, son utilizados en el \u00e1rea deportiva, casual y gerencial, tienen el respaldo y la garant\u00eda de fabrica para que su se destaque al mas alto nivel. Somos cumplidos y entregamos en el tiempo prometido.<\/font><\/p>\n\n<p><font color=\"#FFFFFF\"> Usar un art\u00edculo Top Drawer es sin\u00f3nimo de calidad y durabilidad que traer\u00e1 una gran satisfacci\u00f3n a sus usuarios, adem\u00e1s colocamos su logo, desarrollamos su dise\u00f1o y recibir\u00e1 la atenci\u00f3n personalizada que usted se merece<\/font><\/p>\n\n<p><font color=\"#FFFFFF\">Con nuestras sedes en Caracas, Bogot\u00e1 y Panam\u00e1 podemos entregar en Centroamerica y USA <\/font><\/p><\/div><\/div><\/div><div class=\"wp-block-uagb-container uagb-block-1fc74e82 alignfull uagb-is-root-container\"><div class=\"wp-block-uagb-info-box uagb-block-6f4011ff uagb-infobox__content-wrap  uagb-infobox-icon-above-title uagb-infobox-image-valign-top\"><div class=\"uagb-ifb-content\"><div class=\"uagb-ifb-icon-wrap\"><svg xmlns=\"https:\/\/www.w3.org\/2000\/svg\" viewBox=\"0 0 448 512\"><path d=\"M224.1 141c-63.6 0-114.9 51.3-114.9 114.9s51.3 114.9 114.9 114.9S339 319.5 339 255.9 287.7 141 224.1 141zm0 189.6c-41.1 0-74.7-33.5-74.7-74.7s33.5-74.7 74.7-74.7 74.7 33.5 74.7 74.7-33.6 74.7-74.7 74.7zm146.4-194.3c0 14.9-12 26.8-26.8 26.8-14.9 0-26.8-12-26.8-26.8s12-26.8 26.8-26.8 26.8 12 26.8 26.8zm76.1 27.2c-1.7-35.9-9.9-67.7-36.2-93.9-26.2-26.2-58-34.4-93.9-36.2-37-2.1-147.9-2.1-184.9 0-35.8 1.7-67.6 9.9-93.9 36.1s-34.4 58-36.2 93.9c-2.1 37-2.1 147.9 0 184.9 1.7 35.9 9.9 67.7 36.2 93.9s58 34.4 93.9 36.2c37 2.1 147.9 2.1 184.9 0 35.9-1.7 67.7-9.9 93.9-36.2 26.2-26.2 34.4-58 36.2-93.9 2.1-37 2.1-147.8 0-184.8zM398.8 388c-7.8 19.6-22.9 34.7-42.6 42.6-29.5 11.7-99.5 9-132.1 9s-102.7 2.6-132.1-9c-19.6-7.8-34.7-22.9-42.6-42.6-11.7-29.5-9-99.5-9-132.1s-2.6-102.7 9-132.1c7.8-19.6 22.9-34.7 42.6-42.6 29.5-11.7 99.5-9 132.1-9s102.7-2.6 132.1 9c19.6 7.8 34.7 22.9 42.6 42.6 11.7 29.5 9 99.5 9 132.1s2.7 102.7-9 132.1z\"><\/path><\/svg><\/div><div class=\"uagb-ifb-title-wrap\"><h3 class=\"uagb-ifb-title\">Siguenos en Instagram @<a href=\"https:\/\/www.instagram.com\/topdrawerbags\">topdrawerbags<\/a><\/h3><\/div><p class=\"uagb-ifb-desc\">\u200b<\/p><\/div><\/div>\n\n<div class=\"wp-block-uagb-container uagb-block-15ff28d4 alignfull uagb-is-root-container\"><\/div><\/div>","protected":false},"excerpt":{"rendered":"<p>TopDrawer Top Drawer es una reconocida marca con m\u00e1s de 40 a\u00f1os de experiencia en la fabricaci\u00f3n y comercializaci\u00f3n de productos de alta calidad. Contamos con una amplia gama de productos para atender los eventos de su empresa en el \u00e1rea de publicidad, marketing, reconocimiento, dotaciones del personal, regalos corporativos, incentivos y reconocimientos. Nuestros Productos &hellip;<\/p>\n<p class=\"read-more\"> <a class=\"\" href=\"https:\/\/tdrawer.com\/index.php\/topdrawer\/\"> <span class=\"screen-reader-text\">TopDrawer<\/span> Read More &raquo;<\/a><\/p>\n","protected":false},"author":1,"featured_media":0,"parent":0,"menu_order":0,"comment_status":"closed","ping_status":"closed","template":"","meta":{"om_disable_all_campaigns":false,"_uag_custom_page_level_css":"","_monsterinsights_skip_tracking":false,"_monsterinsights_sitenote_active":false,"_monsterinsights_sitenote_note":"","_monsterinsights_sitenote_category":0,"site-sidebar-layout":"no-sidebar","site-content-layout":"plain-container","ast-site-content-layout":"normal-width-container","site-content-style":"unboxed","site-sidebar-style":"unboxed","ast-global-header-display":"","ast-banner-title-visibility":"","ast-main-header-display":"","ast-hfb-above-header-display":"","ast-hfb-below-header-display":"","ast-hfb-mobile-header-display":"","site-post-title":"disabled","ast-breadcrumbs-content":"","ast-featured-img":"disabled","footer-sml-layout":"","theme-transparent-header-meta":"default","adv-header-id-meta":"","stick-header-meta":"","header-above-stick-meta":"","header-main-stick-meta":"","header-below-stick-meta":"","astra-migrate-meta-layouts":"set","ast-page-background-enabled":"default","ast-page-background-meta":{"desktop":{"background-color":"var(--ast-global-color-4)","background-image":"","background-repeat":"repeat","background-position":"center center","background-size":"auto","background-attachment":"scroll","background-type":"","background-media":"","overlay-type":"","overlay-color":"","overlay-gradient":""},"tablet":{"background-color":"","background-image":"","background-repeat":"repeat","background-position":"center center","background-size":"auto","background-attachment":"scroll","background-type":"","background-media":"","overlay-type":"","overlay-color":"","overlay-gradient":""},"mobile":{"background-color":"","background-image":"","background-repeat":"repeat","background-position":"center center","background-size":"auto","background-attachment":"scroll","background-type":"","background-media":"","overlay-type":"","overlay-color":"","overlay-gradient":""}},"ast-content-background-meta":{"desktop":{"background-color":"var(--ast-global-color-5)","background-image":"","background-repeat":"repeat","background-position":"center center","background-size":"auto","background-attachment":"scroll","background-type":"","background-media":"","overlay-type":"","overlay-color":"","overlay-gradient":""},"tablet":{"background-color":"var(--ast-global-color-5)","background-image":"","background-repeat":"repeat","background-position":"center center","background-size":"auto","background-attachment":"scroll","background-type":"","background-media":"","overlay-type":"","overlay-color":"","overlay-gradient":""},"mobile":{"background-color":"var(--ast-global-color-5)","background-image":"","background-repeat":"repeat","background-position":"center center","background-size":"auto","background-attachment":"scroll","background-type":"","background-media":"","overlay-type":"","overlay-color":"","overlay-gradient":""}},"_joinchat":[],"footnotes":""},"class_list":["post-328","page","type-page","status-publish","hentry"],"aioseo_notices":[],"jetpack_sharing_enabled":true,"uagb_featured_image_src":{"full":false,"thumbnail":false,"medium":false,"medium_large":false,"large":false,"1536x1536":false,"2048x2048":false,"woocommerce_thumbnail":false,"woocommerce_single":false,"woocommerce_gallery_thumbnail":false},"uagb_author_info":{"display_name":"ceci","author_link":"https:\/\/tdrawer.com\/index.php\/author\/ceci\/"},"uagb_comment_info":0,"uagb_excerpt":"TopDrawer Top Drawer es una reconocida marca con m\u00e1s de 40 a\u00f1os de experiencia en la fabricaci\u00f3n y comercializaci\u00f3n de productos de alta calidad. Contamos con una amplia gama de productos para atender los eventos de su empresa en el \u00e1rea de publicidad, marketing, reconocimiento, dotaciones del personal, regalos corporativos, incentivos y reconocimientos. Nuestros Productos&hellip;","_links":{"self":[{"href":"https:\/\/tdrawer.com\/index.php\/wp-json\/wp\/v2\/pages\/328","targetHints":{"allow":["GET"]}}],"collection":[{"href":"https:\/\/tdrawer.com\/index.php\/wp-json\/wp\/v2\/pages"}],"about":[{"href":"https:\/\/tdrawer.com\/index.php\/wp-json\/wp\/v2\/types\/page"}],"author":[{"embeddable":true,"href":"https:\/\/tdrawer.com\/index.php\/wp-json\/wp\/v2\/users\/1"}],"replies":[{"embeddable":true,"href":"https:\/\/tdrawer.com\/index.php\/wp-json\/wp\/v2\/comments?post=328"}],"version-history":[{"count":14,"href":"https:\/\/tdrawer.com\/index.php\/wp-json\/wp\/v2\/pages\/328\/revisions"}],"predecessor-version":[{"id":1539,"href":"https:\/\/tdrawer.com\/index.php\/wp-json\/wp\/v2\/pages\/328\/revisions\/1539"}],"wp:attachment":[{"href":"https:\/\/tdrawer.com\/index.php\/wp-json\/wp\/v2\/media?parent=328"}],"curies":[{"name":"wp","href":"https:\/\/api.w.org\/{rel}","templated":true}]}}