{"id":1490,"date":"2024-02-25T23:50:47","date_gmt":"2024-02-25T22:50:47","guid":{"rendered":"https:\/\/tdrawer.com\/?post_type=product&#038;p=1490"},"modified":"2026-02-17T19:12:48","modified_gmt":"2026-02-17T18:12:48","slug":"lanyard-escarapela-con-logo-corporativo-copia","status":"publish","type":"product","link":"https:\/\/tdrawer.com\/index.php\/producto\/lanyard-escarapela-con-logo-corporativo-copia\/","title":{"rendered":"Cinta de identificaci\u00f3n Portacarnet"},"content":{"rendered":"<p>Fabricamos las <strong>CINTAS DE IDENTIFICACION<\/strong> o tambi\u00e9n llamadas <strong>LANYARD<\/strong> para los asistentes de tu evento o para equipar al equipo de trabajo de tu empresa, destaca los colores corporativos de tu organizaci\u00f3n y contribuye a crear un ambiente de trabajo ameno con las cintas portacarnet.\u00a0 Tenemos disponible todo lo que necesitas desde los carnet impresos, cintas, portacarnet, conectores y m\u00e1s.\u00a0 Cu\u00e9ntanos tu proyecto para hacerlo realidad, nuestro equipo de trabajo facilita tu compra.<\/p>\n<p>Dos medidas de cintas portacarnet para tu comodidad:\u00a0 Tama\u00f1o delgado 16mm y Tama\u00f1o Grande 25mm,\u00a0 unicolor o sublimada con tu logo por ambas caras.\u00a0 El largo de la cinta habitual es de 50 cm para usar al frente desde el cuello,\u00a0 pero tambi\u00e9n la tenemos m\u00e1s larga de tama\u00f1o 70 cm para usar la cinta cruzada.\u00a0 Para facilitar tu elecci\u00f3n tenemos disponibles 3 modelos:<\/p>\n<p>MODELO ALFA cinta lanyard delgada 15mm con gancho met\u00e1lico b\u00e1sico<\/p>\n<p>MODELO BETA cinta lanyard gruesa 25mm con gancho met\u00e1lico de lujo<\/p>\n<p>MODELO GAMA cinta lanyard gruesa 25mm con broche pl\u00e1stico click-clack y gancho met\u00e1lico de lujo<\/p>\n<p>ACCESORIOS DISPONIBLES: <strong>Yoyo retr\u00e1ctil<\/strong>, aro de llavero, <strong>Escarapela<\/strong> PVC transparente, <strong>Portacarnet<\/strong> de protecci\u00f3n, portacarnet tipo caja<\/p>\n<p><strong>CARNETS IMPRESOS:<\/strong> Dise\u00f1amos los carnets que necesitas para tu personal y equipo de trabajo,\u00a0 manejamos las listas de nombres e incluso de fotograf\u00eda para que resalte la imagen de empresa que necesitas.\u00a0 Coloca los valores al reverso del carnet para que est\u00e9n presentes cada d\u00eda en las labores cotidianas, aumenta el profesionalismo y la efectividad de tu empresa con una comunicaci\u00f3n efectiva entre tus colaboradores.<\/p>\n<p>Entregas R\u00e1pidas en menos de 5 d\u00edas de la producci\u00f3n dependiendo de la cantidad, por favor consulta la disponibilidad seg\u00fan la \u00e9poca del a\u00f1o.<\/p>\n<p>&nbsp;<\/p>\n","protected":false},"excerpt":{"rendered":"<p>Fabricamos los carnets con cinta para tu empresa, alta calidad de impresi\u00f3n para impresionar a tu equipo de trabajo y a tus clientes.\u00a0 Todo lo que necesitas para identificar a tu equipo de trabajo y\/o evento<\/p>\n","protected":false},"featured_media":1568,"template":"","meta":{"om_disable_all_campaigns":false,"_uag_custom_page_level_css":"","_monsterinsights_skip_tracking":false,"_monsterinsights_sitenote_active":false,"_monsterinsights_sitenote_note":"","_monsterinsights_sitenote_category":0,"site-sidebar-layout":"default","site-content-layout":"default","ast-site-content-layout":"default","site-content-style":"default","site-sidebar-style":"default","ast-global-header-display":"","ast-banner-title-visibility":"","ast-main-header-display":"","ast-hfb-above-header-display":"","ast-hfb-below-header-display":"","ast-hfb-mobile-header-display":"","site-post-title":"","ast-breadcrumbs-content":"","ast-featured-img":"","footer-sml-layout":"","theme-transparent-header-meta":"default","adv-header-id-meta":"","stick-header-meta":"","header-above-stick-meta":"","header-main-stick-meta":"","header-below-stick-meta":"","astra-migrate-meta-layouts":"set","ast-page-background-enabled":"default","ast-page-background-meta":{"desktop":{"background-color":"var(--ast-global-color-4)","background-image":"","background-repeat":"repeat","background-position":"center center","background-size":"auto","background-attachment":"scroll","background-type":"","background-media":"","overlay-type":"","overlay-color":"","overlay-gradient":""},"tablet":{"background-color":"","background-image":"","background-repeat":"repeat","background-position":"center center","background-size":"auto","background-attachment":"scroll","background-type":"","background-media":"","overlay-type":"","overlay-color":"","overlay-gradient":""},"mobile":{"background-color":"","background-image":"","background-repeat":"repeat","background-position":"center center","background-size":"auto","background-attachment":"scroll","background-type":"","background-media":"","overlay-type":"","overlay-color":"","overlay-gradient":""}},"ast-content-background-meta":{"desktop":{"background-color":"var(--ast-global-color-5)","background-image":"","background-repeat":"repeat","background-position":"center center","background-size":"auto","background-attachment":"scroll","background-type":"","background-media":"","overlay-type":"","overlay-color":"","overlay-gradient":""},"tablet":{"background-color":"var(--ast-global-color-5)","background-image":"","background-repeat":"repeat","background-position":"center center","background-size":"auto","background-attachment":"scroll","background-type":"","background-media":"","overlay-type":"","overlay-color":"","overlay-gradient":""},"mobile":{"background-color":"var(--ast-global-color-5)","background-image":"","background-repeat":"repeat","background-position":"center center","background-size":"auto","background-attachment":"scroll","background-type":"","background-media":"","overlay-type":"","overlay-color":"","overlay-gradient":""}},"_joinchat":[]},"product_cat":[24,23,38,20],"product_tag":[146,141,144,145,142,112,113,143],"class_list":{"0":"post-1490","1":"product","2":"type-product","3":"status-publish","4":"has-post-thumbnail","6":"product_cat-lo-nuevo","7":"product_cat-mas-popular","8":"product_cat-publicitarios-material-pop","9":"product_cat-todos-productos","10":"product_tag-accesorios-portacarnet","11":"product_tag-carnet-impreso","12":"product_tag-cinta-de-identificacion","13":"product_tag-cinta-lanyard-sublimada","14":"product_tag-cinta-portacarnet","15":"product_tag-lanyard","16":"product_tag-lanyard-con-logo-corporativo","17":"product_tag-portacarnet-plastico","18":"desktop-align-left","19":"tablet-align-left","20":"mobile-align-left","22":"first","23":"instock","24":"sale","25":"shipping-taxable","26":"purchasable","27":"product-type-simple"},"aioseo_notices":[],"jetpack_sharing_enabled":true,"uagb_featured_image_src":{"full":["https:\/\/tdrawer.com\/wp-content\/uploads\/2024\/02\/Top-Drawer-Lanyards-y-carnets-2.jpg",720,960,false],"thumbnail":["https:\/\/tdrawer.com\/wp-content\/uploads\/2024\/02\/Top-Drawer-Lanyards-y-carnets-2-150x150.jpg",150,150,true],"medium":["https:\/\/tdrawer.com\/wp-content\/uploads\/2024\/02\/Top-Drawer-Lanyards-y-carnets-2-225x300.jpg",225,300,true],"medium_large":["https:\/\/tdrawer.com\/wp-content\/uploads\/2024\/02\/Top-Drawer-Lanyards-y-carnets-2.jpg",720,960,false],"large":["https:\/\/tdrawer.com\/wp-content\/uploads\/2024\/02\/Top-Drawer-Lanyards-y-carnets-2.jpg",720,960,false],"1536x1536":["https:\/\/tdrawer.com\/wp-content\/uploads\/2024\/02\/Top-Drawer-Lanyards-y-carnets-2.jpg",720,960,false],"2048x2048":["https:\/\/tdrawer.com\/wp-content\/uploads\/2024\/02\/Top-Drawer-Lanyards-y-carnets-2.jpg",720,960,false],"woocommerce_thumbnail":["https:\/\/tdrawer.com\/wp-content\/uploads\/2024\/02\/Top-Drawer-Lanyards-y-carnets-2-300x300.jpg",300,300,true],"woocommerce_single":["https:\/\/tdrawer.com\/wp-content\/uploads\/2024\/02\/Top-Drawer-Lanyards-y-carnets-2-600x800.jpg",600,800,true],"woocommerce_gallery_thumbnail":["https:\/\/tdrawer.com\/wp-content\/uploads\/2024\/02\/Top-Drawer-Lanyards-y-carnets-2-100x100.jpg",100,100,true]},"uagb_author_info":{"display_name":"ceci","author_link":"https:\/\/tdrawer.com\/index.php\/author\/"},"uagb_comment_info":0,"uagb_excerpt":"Fabricamos los carnets con cinta para tu empresa, alta calidad de impresi\u00f3n para impresionar a tu equipo de trabajo y a tus clientes.\u00a0 Todo lo que necesitas para identificar a tu equipo de trabajo y\/o evento","_links":{"self":[{"href":"https:\/\/tdrawer.com\/index.php\/wp-json\/wp\/v2\/product\/1490","targetHints":{"allow":["GET"]}}],"collection":[{"href":"https:\/\/tdrawer.com\/index.php\/wp-json\/wp\/v2\/product"}],"about":[{"href":"https:\/\/tdrawer.com\/index.php\/wp-json\/wp\/v2\/types\/product"}],"wp:featuredmedia":[{"embeddable":true,"href":"https:\/\/tdrawer.com\/index.php\/wp-json\/wp\/v2\/media\/1568"}],"wp:attachment":[{"href":"https:\/\/tdrawer.com\/index.php\/wp-json\/wp\/v2\/media?parent=1490"}],"wp:term":[{"taxonomy":"product_cat","embeddable":true,"href":"https:\/\/tdrawer.com\/index.php\/wp-json\/wp\/v2\/product_cat?post=1490"},{"taxonomy":"product_tag","embeddable":true,"href":"https:\/\/tdrawer.com\/index.php\/wp-json\/wp\/v2\/product_tag?post=1490"}],"curies":[{"name":"wp","href":"https:\/\/api.w.org\/{rel}","templated":true}]}}