{"id":1519,"date":"2024-02-27T00:28:28","date_gmt":"2024-02-26T23:28:28","guid":{"rendered":"https:\/\/tdrawer.com\/?post_type=product&#038;p=1519"},"modified":"2026-02-17T17:57:27","modified_gmt":"2026-02-17T16:57:27","slug":"bolso-cava-delivery-logo-corporativo","status":"publish","type":"product","link":"https:\/\/tdrawer.com\/index.php\/producto\/bolso-cava-delivery-logo-corporativo\/","title":{"rendered":"Bolso Cava Delivery Cuadrado"},"content":{"rendered":"<div class=\"content\" tabindex=\"0\" aria-description=\"\">\n<div class=\"ac-container ac-adaptiveCard\">\n<div class=\"ac-textBlock\">\n<p><strong>Bolso Cava Delivery<\/strong> para despacho de alimentos en moto o veh\u00edculos.\u00a0 Resguarda de manera adecuada los alimentos y bebidas asegurando su traslado hasta su destino. Elaborados en lona impermeable con interior en material t\u00e9rmico para mantener la temperatura de los alimentos.\u00a0 Incluye bandeja de separaci\u00f3n con altura ajustable para organizar mejor los paquetes.\u00a0 Cubierta en pvc interna facilita la limpieza y el mantenimiento.<\/p>\n<p><strong>Caracter\u00edsticas Destacadas<\/strong>:<\/p>\n<ul>\n<li><strong>100% Espacio utilizable<\/strong>: El bolso cava tiene suficiente capacidad para acomodar m\u00faltiples paquetes y utilizar la totalidad del espacio para carga.<\/li>\n<li><strong>Aislamiento T\u00e9rmico<\/strong>: Equipado con material aislante, este bolso mantiene la temperatura de los productos durante el transporte. Ideal para mantener alimentos calientes o fr\u00edos.<\/li>\n<li><strong>Resistente y Duradero<\/strong>: Utilizamos materiales de alta calidad, este bolso soporta el uso diario y las condiciones de entrega. Las costuras reforzadas garantizan su longevidad.<\/li>\n<li><strong>Asas C\u00f3modas<\/strong>: Las asas ergon\u00f3micas facilitan el transporte, incluso en largas jornadas de reparto. Los repartidores pueden llevarlo c\u00f3modamente en la mano o colgado del hombro.<\/li>\n<li><strong>Personalizaci\u00f3n con Logo<\/strong>: Personalizamos el bolso delivery con el logo de tu restaurante con logo y redes sociales.<\/li>\n<li><strong>2 Tama\u00f1os<\/strong>: Disponible en medida STANDARD 45x45x50 cm y BIG 50X50X60 cm, pregunta por la diferencia de precios.<\/li>\n<li><strong>Dise\u00f1o a la medida:<\/strong> Fabricamos Bolsos Delivery de acuerdo a tus necesidades colocando bolsillos especiales para llevar documentos, puntos de venta, refresco de litro, etc.<\/li>\n<\/ul>\n<p>Recomendamos acondicionar la moto con parrillera met\u00e1lica de soporte donde se apoya el bolso ya que distribuye mejor el peso de carga y alarga la vida \u00fatil del bolso delivery.<\/p>\n<p>Para hacer limpieza y mantenimiento del bolso delivery puede usar un pa\u00f1o jabonoso y otro pa\u00f1o h\u00famedo, pasando con suavidad sobre las superficies externas e internas del bolso.\u00a0 No lavar con manguera.<\/p>\n<\/div>\n<div class=\"ac-horizontal-separator\" aria-hidden=\"true\">Descuento especial por volumen %,\u00a0 nos adaptamos a tu presupuesto<\/div>\n<\/div>\n<div class=\"ad-container\"><\/div>\n<\/div>\n","protected":false},"excerpt":{"rendered":"<p>Este <strong>Bolso Cava Tipo Delivery<\/strong> es la elecci\u00f3n perfecta para empresas que desean ofrecer un servicio de entrega eficiente y profesional. Dise\u00f1ado espec\u00edficamente para el transporte seguro de productos, este bolso combina practicidad con una imagen corporativa s\u00f3lida.<\/p>\n","protected":false},"featured_media":1556,"template":"","meta":{"om_disable_all_campaigns":false,"_uag_custom_page_level_css":"","_monsterinsights_skip_tracking":false,"_monsterinsights_sitenote_active":false,"_monsterinsights_sitenote_note":"","_monsterinsights_sitenote_category":0,"site-sidebar-layout":"default","site-content-layout":"default","ast-site-content-layout":"default","site-content-style":"default","site-sidebar-style":"default","ast-global-header-display":"","ast-banner-title-visibility":"","ast-main-header-display":"","ast-hfb-above-header-display":"","ast-hfb-below-header-display":"","ast-hfb-mobile-header-display":"","site-post-title":"","ast-breadcrumbs-content":"","ast-featured-img":"","footer-sml-layout":"","theme-transparent-header-meta":"default","adv-header-id-meta":"","stick-header-meta":"","header-above-stick-meta":"","header-main-stick-meta":"","header-below-stick-meta":"","astra-migrate-meta-layouts":"set","ast-page-background-enabled":"default","ast-page-background-meta":{"desktop":{"background-color":"var(--ast-global-color-4)","background-image":"","background-repeat":"repeat","background-position":"center center","background-size":"auto","background-attachment":"scroll","background-type":"","background-media":"","overlay-type":"","overlay-color":"","overlay-gradient":""},"tablet":{"background-color":"","background-image":"","background-repeat":"repeat","background-position":"center center","background-size":"auto","background-attachment":"scroll","background-type":"","background-media":"","overlay-type":"","overlay-color":"","overlay-gradient":""},"mobile":{"background-color":"","background-image":"","background-repeat":"repeat","background-position":"center center","background-size":"auto","background-attachment":"scroll","background-type":"","background-media":"","overlay-type":"","overlay-color":"","overlay-gradient":""}},"ast-content-background-meta":{"desktop":{"background-color":"var(--ast-global-color-5)","background-image":"","background-repeat":"repeat","background-position":"center center","background-size":"auto","background-attachment":"scroll","background-type":"","background-media":"","overlay-type":"","overlay-color":"","overlay-gradient":""},"tablet":{"background-color":"var(--ast-global-color-5)","background-image":"","background-repeat":"repeat","background-position":"center center","background-size":"auto","background-attachment":"scroll","background-type":"","background-media":"","overlay-type":"","overlay-color":"","overlay-gradient":""},"mobile":{"background-color":"var(--ast-global-color-5)","background-image":"","background-repeat":"repeat","background-position":"center center","background-size":"auto","background-attachment":"scroll","background-type":"","background-media":"","overlay-type":"","overlay-color":"","overlay-gradient":""}},"_joinchat":{"telephone":"+584123453103"}},"product_cat":[24,23,37,20],"product_tag":[136,135,140,137,134,139,138],"class_list":{"0":"post-1519","1":"product","2":"type-product","3":"status-publish","4":"has-post-thumbnail","6":"product_cat-lo-nuevo","7":"product_cat-mas-popular","8":"product_cat-termicos-cavas-delivery","9":"product_cat-todos-productos","10":"product_tag-bolso-cava-delivery","11":"product_tag-bolso-delivery","12":"product_tag-bolso-para-restaurant","13":"product_tag-bolso-termico-delivery","14":"product_tag-cava-para-delivery","15":"product_tag-morral-termico-delivery","16":"product_tag-termico-delivery","17":"desktop-align-left","18":"tablet-align-left","19":"mobile-align-left","21":"first","22":"instock","23":"sale","24":"shipping-taxable","25":"purchasable","26":"product-type-simple"},"aioseo_notices":[],"jetpack_sharing_enabled":true,"uagb_featured_image_src":{"full":["https:\/\/tdrawer.com\/wp-content\/uploads\/2024\/02\/Cava-Delivery-Cuadrada-1.png",577,433,false],"thumbnail":["https:\/\/tdrawer.com\/wp-content\/uploads\/2024\/02\/Cava-Delivery-Cuadrada-1-150x150.png",150,150,true],"medium":["https:\/\/tdrawer.com\/wp-content\/uploads\/2024\/02\/Cava-Delivery-Cuadrada-1-300x225.png",300,225,true],"medium_large":["https:\/\/tdrawer.com\/wp-content\/uploads\/2024\/02\/Cava-Delivery-Cuadrada-1.png",577,433,false],"large":["https:\/\/tdrawer.com\/wp-content\/uploads\/2024\/02\/Cava-Delivery-Cuadrada-1.png",577,433,false],"1536x1536":["https:\/\/tdrawer.com\/wp-content\/uploads\/2024\/02\/Cava-Delivery-Cuadrada-1.png",577,433,false],"2048x2048":["https:\/\/tdrawer.com\/wp-content\/uploads\/2024\/02\/Cava-Delivery-Cuadrada-1.png",577,433,false],"woocommerce_thumbnail":["https:\/\/tdrawer.com\/wp-content\/uploads\/2024\/02\/Cava-Delivery-Cuadrada-1-300x300.png",300,300,true],"woocommerce_single":["https:\/\/tdrawer.com\/wp-content\/uploads\/2024\/02\/Cava-Delivery-Cuadrada-1.png",577,433,false],"woocommerce_gallery_thumbnail":["https:\/\/tdrawer.com\/wp-content\/uploads\/2024\/02\/Cava-Delivery-Cuadrada-1-100x100.png",100,100,true]},"uagb_author_info":{"display_name":"ceci","author_link":"https:\/\/tdrawer.com\/index.php\/author\/"},"uagb_comment_info":0,"uagb_excerpt":"Este Bolso Cava Tipo Delivery es la elecci\u00f3n perfecta para empresas que desean ofrecer un servicio de entrega eficiente y profesional. Dise\u00f1ado espec\u00edficamente para el transporte seguro de productos, este bolso combina practicidad con una imagen corporativa s\u00f3lida.","_links":{"self":[{"href":"https:\/\/tdrawer.com\/index.php\/wp-json\/wp\/v2\/product\/1519","targetHints":{"allow":["GET"]}}],"collection":[{"href":"https:\/\/tdrawer.com\/index.php\/wp-json\/wp\/v2\/product"}],"about":[{"href":"https:\/\/tdrawer.com\/index.php\/wp-json\/wp\/v2\/types\/product"}],"wp:featuredmedia":[{"embeddable":true,"href":"https:\/\/tdrawer.com\/index.php\/wp-json\/wp\/v2\/media\/1556"}],"wp:attachment":[{"href":"https:\/\/tdrawer.com\/index.php\/wp-json\/wp\/v2\/media?parent=1519"}],"wp:term":[{"taxonomy":"product_cat","embeddable":true,"href":"https:\/\/tdrawer.com\/index.php\/wp-json\/wp\/v2\/product_cat?post=1519"},{"taxonomy":"product_tag","embeddable":true,"href":"https:\/\/tdrawer.com\/index.php\/wp-json\/wp\/v2\/product_tag?post=1519"}],"curies":[{"name":"wp","href":"https:\/\/api.w.org\/{rel}","templated":true}]}}