{"id":73,"date":"2022-02-22T14:32:38","date_gmt":"2022-02-22T14:32:38","guid":{"rendered":"https:\/\/tdrawer.com\/index.php\/producto\/wooden-greenery\/"},"modified":"2026-02-17T21:20:58","modified_gmt":"2026-02-17T20:20:58","slug":"lonchera-2pisos-con-logo-corporativo","status":"publish","type":"product","link":"https:\/\/tdrawer.com\/index.php\/producto\/lonchera-2pisos-con-logo-corporativo\/","title":{"rendered":"Lonchera Baul"},"content":{"rendered":"<p>Fabricamos La <strong>Lonchera Ba\u00fal <\/strong>en lona impermeable, internamente contiene material t\u00e9rmico para conservar la temperatura de los alimentos por mas tiempo. Adem\u00e1s tiene una cubierta transparente que facilita la limpieza y el mantenimiento. Es una opci\u00f3n ideal para empacar una variedad de alimentos. Dise\u00f1ada pensando en la comodidad y la practicidad, esta lonchera te permite llevar tus comidas de manera organizada y segura.<\/p>\n<p>Podemos fabricar con el logo corporativo de su empresa, instituci\u00f3n o evento.<\/p>\n<p><strong>Caracter\u00edsticas Clave:<\/strong><\/p>\n<p><strong>1. Espacio Amplio:<\/strong><br \/>\n&#8211; Puedes empacar mucho en esta lonchera, incluyendo un s\u00e1ndwich completo, frutas, snacks y m\u00e1s.<\/p>\n<p><strong>2. Dise\u00f1o Funcional:<\/strong><br \/>\n&#8211; El asa de transporte facilita llevarla a la escuela, la oficina o cualquier lugar.<\/p>\n<p><strong>3. Material Duradero:<\/strong><br \/>\n&#8211; Fabricada con materiales de alta calidad que resisten el uso diario.<br \/>\n&#8211; F\u00e1cil de limpiar y mantener.<\/p>\n<p><strong>4. Estilo Moderno:<\/strong><br \/>\n&#8211; Disponible en varios colores para adaptarse a tu estilo personal.<br \/>\n&#8211; Perfecta para adultos y ni\u00f1os por igual.<\/p>\n<p>La <strong>Lonchera Ba\u00fal<\/strong> combina funcionalidad, estilo y practicidad. Es una lonchera vers\u00e1til y confiable<\/p>\n","protected":false},"excerpt":{"rendered":"<p>La <strong>Lonchera Ba\u00fal<\/strong> es un dise\u00f1o tradicional que evoca los inicios de los bolsos escolares para las meriendas.\u00a0 Hoy en d\u00eda son ampliamente usados a nivel corporativo para llevar el almuerzo al trabajo.<\/p>\n<p><strong>Personalizamos con logo corporativo<\/strong><\/p>\n","protected":false},"featured_media":1575,"template":"","meta":{"om_disable_all_campaigns":false,"_uag_custom_page_level_css":"","_monsterinsights_skip_tracking":false,"_monsterinsights_sitenote_active":false,"_monsterinsights_sitenote_note":"","_monsterinsights_sitenote_category":0,"site-sidebar-layout":"default","site-content-layout":"default","ast-site-content-layout":"default","site-content-style":"default","site-sidebar-style":"default","ast-global-header-display":"","ast-banner-title-visibility":"","ast-main-header-display":"","ast-hfb-above-header-display":"","ast-hfb-below-header-display":"","ast-hfb-mobile-header-display":"","site-post-title":"","ast-breadcrumbs-content":"","ast-featured-img":"","footer-sml-layout":"","theme-transparent-header-meta":"default","adv-header-id-meta":"","stick-header-meta":"","header-above-stick-meta":"","header-main-stick-meta":"","header-below-stick-meta":"","astra-migrate-meta-layouts":"set","ast-page-background-enabled":"default","ast-page-background-meta":{"desktop":{"background-color":"var(--ast-global-color-4)","background-image":"","background-repeat":"repeat","background-position":"center center","background-size":"auto","background-attachment":"scroll","background-type":"","background-media":"","overlay-type":"","overlay-color":"","overlay-gradient":""},"tablet":{"background-color":"","background-image":"","background-repeat":"repeat","background-position":"center center","background-size":"auto","background-attachment":"scroll","background-type":"","background-media":"","overlay-type":"","overlay-color":"","overlay-gradient":""},"mobile":{"background-color":"","background-image":"","background-repeat":"repeat","background-position":"center center","background-size":"auto","background-attachment":"scroll","background-type":"","background-media":"","overlay-type":"","overlay-color":"","overlay-gradient":""}},"ast-content-background-meta":{"desktop":{"background-color":"var(--ast-global-color-5)","background-image":"","background-repeat":"repeat","background-position":"center center","background-size":"auto","background-attachment":"scroll","background-type":"","background-media":"","overlay-type":"","overlay-color":"","overlay-gradient":""},"tablet":{"background-color":"var(--ast-global-color-5)","background-image":"","background-repeat":"repeat","background-position":"center center","background-size":"auto","background-attachment":"scroll","background-type":"","background-media":"","overlay-type":"","overlay-color":"","overlay-gradient":""},"mobile":{"background-color":"var(--ast-global-color-5)","background-image":"","background-repeat":"repeat","background-position":"center center","background-size":"auto","background-attachment":"scroll","background-type":"","background-media":"","overlay-type":"","overlay-color":"","overlay-gradient":""}},"_joinchat":[]},"product_cat":[24,32,23,20],"product_tag":[46,93,41,92,47,58,119,97,98,94,95,99,48,96,57,118,100],"class_list":{"0":"post-73","1":"product","2":"type-product","3":"status-publish","4":"has-post-thumbnail","6":"product_cat-lo-nuevo","7":"product_cat-loncheras","8":"product_cat-mas-popular","9":"product_cat-todos-productos","10":"product_tag-bolso","11":"product_tag-bolso-corporativo","12":"product_tag-bolsos","13":"product_tag-bolsos-corporativos","14":"product_tag-lonchera","15":"product_tag-lonchera-corporativa","16":"product_tag-lonchera-de-tela","17":"product_tag-lonchera-empresarial","18":"product_tag-lonchera-institucional","19":"product_tag-lonchera-logo-bordado","20":"product_tag-lonchera-sublimacion","21":"product_tag-lonchera-termica","22":"product_tag-loncheras","23":"product_tag-loncheras-con-logo","24":"product_tag-loncheras-corporativas","25":"product_tag-loncheras-de-tela","26":"product_tag-loncheras-termicas","27":"desktop-align-left","28":"tablet-align-left","29":"mobile-align-left","31":"first","32":"instock","33":"sale","34":"shipping-taxable","35":"purchasable","36":"product-type-simple"},"aioseo_notices":[],"jetpack_sharing_enabled":true,"uagb_featured_image_src":{"full":["https:\/\/tdrawer.com\/wp-content\/uploads\/2022\/02\/Top-Drawer-lonchera-baul-2.jpg",720,960,false],"thumbnail":["https:\/\/tdrawer.com\/wp-content\/uploads\/2022\/02\/Top-Drawer-lonchera-baul-2-150x150.jpg",150,150,true],"medium":["https:\/\/tdrawer.com\/wp-content\/uploads\/2022\/02\/Top-Drawer-lonchera-baul-2-225x300.jpg",225,300,true],"medium_large":["https:\/\/tdrawer.com\/wp-content\/uploads\/2022\/02\/Top-Drawer-lonchera-baul-2.jpg",720,960,false],"large":["https:\/\/tdrawer.com\/wp-content\/uploads\/2022\/02\/Top-Drawer-lonchera-baul-2.jpg",720,960,false],"1536x1536":["https:\/\/tdrawer.com\/wp-content\/uploads\/2022\/02\/Top-Drawer-lonchera-baul-2.jpg",720,960,false],"2048x2048":["https:\/\/tdrawer.com\/wp-content\/uploads\/2022\/02\/Top-Drawer-lonchera-baul-2.jpg",720,960,false],"woocommerce_thumbnail":["https:\/\/tdrawer.com\/wp-content\/uploads\/2022\/02\/Top-Drawer-lonchera-baul-2-300x300.jpg",300,300,true],"woocommerce_single":["https:\/\/tdrawer.com\/wp-content\/uploads\/2022\/02\/Top-Drawer-lonchera-baul-2-600x800.jpg",600,800,true],"woocommerce_gallery_thumbnail":["https:\/\/tdrawer.com\/wp-content\/uploads\/2022\/02\/Top-Drawer-lonchera-baul-2-100x100.jpg",100,100,true]},"uagb_author_info":{"display_name":"ceci","author_link":"https:\/\/tdrawer.com\/index.php\/author\/"},"uagb_comment_info":1,"uagb_excerpt":"La Lonchera Ba\u00fal es un dise\u00f1o tradicional que evoca los inicios de los bolsos escolares para las meriendas.\u00a0 Hoy en d\u00eda son ampliamente usados a nivel corporativo para llevar el almuerzo al trabajo. Personalizamos con logo corporativo","_links":{"self":[{"href":"https:\/\/tdrawer.com\/index.php\/wp-json\/wp\/v2\/product\/73","targetHints":{"allow":["GET"]}}],"collection":[{"href":"https:\/\/tdrawer.com\/index.php\/wp-json\/wp\/v2\/product"}],"about":[{"href":"https:\/\/tdrawer.com\/index.php\/wp-json\/wp\/v2\/types\/product"}],"wp:featuredmedia":[{"embeddable":true,"href":"https:\/\/tdrawer.com\/index.php\/wp-json\/wp\/v2\/media\/1575"}],"wp:attachment":[{"href":"https:\/\/tdrawer.com\/index.php\/wp-json\/wp\/v2\/media?parent=73"}],"wp:term":[{"taxonomy":"product_cat","embeddable":true,"href":"https:\/\/tdrawer.com\/index.php\/wp-json\/wp\/v2\/product_cat?post=73"},{"taxonomy":"product_tag","embeddable":true,"href":"https:\/\/tdrawer.com\/index.php\/wp-json\/wp\/v2\/product_tag?post=73"}],"curies":[{"name":"wp","href":"https:\/\/api.w.org\/{rel}","templated":true}]}}